{"id":2,"date":"2016-06-18T11:35:59","date_gmt":"2016-06-18T11:35:59","guid":{"rendered":"http:\/\/leadinjection.io\/ebook\/?page_id=2"},"modified":"2021-12-29T10:10:04","modified_gmt":"2021-12-29T10:10:04","slug":"sample-page","status":"publish","type":"page","link":"https:\/\/deneuronasagalaxias.com\/","title":{"rendered":"Ebook Landing Page"},"content":{"rendered":"<p>[vc_row full_width=&#8221;stretch_row_content_no_spaces&#8221; el_id=&#8221;top&#8221;][vc_column][rev_slider_vc alias=&#8221;ebook-slider&#8221;][\/vc_column][\/vc_row][vc_row el_id=&#8221;topics&#8221;][vc_column]\n\n\n    <h2 id=\"heading_69e1b2cbdf3ef\" class=\"li-heading  left fw-bold\"  >\n        La persistente paradoja de nuestra era        <small style=\"color: #575756;\" class=\"fw-normal\">es que, en un mundo con una capacidad de acceso a la informaci\u00f3n sin precedentes, muchas de las cuestiones m\u00e1s importantes siguen sin resolverse.<\/small>    <\/h2>\n\n\n\n    [\/vc_column][\/vc_row][vc_row][vc_column width=&#8221;1\/2&#8243;]\n        <div id=\"textblock_69e1b2cbdf40c\" class=\"li-textblock\" >\n        <p class=\"p1\">La ciencia, hoy en d\u00eda, es m\u00e1s un proceso de colaboraci\u00f3n que momentos &#8220;eureka&#8221; individuales. En este libro se publican una serie de di\u00e1logos, interconectados entre s\u00ed, con destacados pensadores, a los que se les pide que reflexionen sobre preguntas y conceptos clave en torno al mundo f\u00edsico, la informaci\u00f3n y la inteligencia, en los que se recrea este tipo de sinergia e interconexi\u00f3n entre disciplinas. Estos pensadores aportan tanto observaciones espec\u00edficas, como comentarios m\u00e1s amplios sobre las tradiciones intelectuales que se han ocupado de estas preguntas, y, al hacerlo, revelan una rica veta de ideas que interact\u00faan entre s\u00ed. La persistente paradoja de nuestra era es que, en un mundo con una capacidad de acceso a la informaci\u00f3n sin precedentes, muchas de las cuestiones m\u00e1s importantes siguen sin resolverse. Estas conversaciones, conducidas por el escritor cient\u00edfico, Adolfo Plasencia, reflejan esta circunstancia de la mano de cient\u00edficos y humanistas que tratan temas como la inteligencia, la conciencia, el calentamiento global, la energ\u00eda, la tecnolog\u00eda, la materia, el nanocosmos, la mente,<\/p>\n    <\/div>\n\n\n     [\/vc_column][vc_column width=&#8221;1\/2&#8243;]\n        <div id=\"textblock_69e1b2cbdf432\" class=\"li-textblock\" >\n        <p class=\"p1\">la posibilidad de otra Tierra, el cambio del pasado, el arte y muchos m\u00e1s temas que se encuentran en la curvatura filos\u00f3fica: &#8220;De neuronas a galaxias, \u00bfes el universo un holograma?&#8221;. Los di\u00e1logos discuten aspectos tan fascinantes del mundo f\u00edsico como la funci\u00f3n del bit cu\u00e1ntico, la cosmolog\u00eda del universo primordial o la sabidur\u00eda contenida en las antiguas piedras talladas. Ofrecen visiones optimistas pero razonadas de la tecnolog\u00eda, considerando la cultura de la convergencia, los algoritmos, la desigualdad Belleza \u2260 Verdad, la \u00e9tica de los hackers, la inteligencia artificial y otros temas. Desde una diversa gama de disciplinas, aportan diferentes perspectivas, por ejemplo, sobre la inteligencia, abordando aspectos como la neurofisiolog\u00eda del cerebro, la informaci\u00f3n afectiva, la innovaci\u00f3n colaborativa y la sabidur\u00eda de las multitudes. Este volumen es la versi\u00f3n &#8216;extendida&#8217; en espa\u00f1ol del libro &#8220;Is the Universe a Hologram? Scientists Answer the Most Provocative Questions&#8221;, publicado con prefacio de Tim O&#8217;Reilly por MIT Press y Oxford University Press en su plataforma en l\u00ednea.<\/p>\n    <\/div>\n\n\n     [\/vc_column][\/vc_row][vc_row][vc_column]\n\n    \n    <div id=\"side_icon_text_69e1b2cbdf44e\" class=\"li-side-icon-text  left         vc_custom_1625399612161\" >\n        <div class=\"li-side-icon-text-icon  \"><i class=\"fas fa-comments\"><\/i><\/div>\n        <h3 class=\"li-side-icon-text-title\">Convesaciones con algunos de los cient\u00edficos y humanistas m\u00e1s avanzados de nuestro tiempo<\/h3>\n        <div class=\"li-side-icon-text-content\">Ignacio Cirac, Jos\u00e9 Bernab\u00e9u, Sara Seager, Alejandro W. Rodr\u00edguez, Mario J. Molina, Pablo Jarillo-Herrero, Avelino Corma, John Ochsendorf, Javier Benedicto, Yung Ho Chang, Hiroshi Ishii, Henry Jenkins, Bebo White, Hal Abelson, Bernardo Cuenca Grau, Michail Bletsas, Ricardo Baeza-Yates, Anne Margulies, Tim O\u2019Reilly, David Casacuberta, John Perry Barlow, Richard Stallman, Rosalind W. Picard, Alvaro Pascual-Leone, Israel Ruiz, Jos\u00e9 M. Carmena, Antonio Torralba, Javier Echeverr\u00eda, Paul Osterman, Howard Rheingold, Jos\u00e9 Hern\u00e1ndez-Orallo, Gianluigi Colalucci, Jos\u00e9 Mar\u00eda Yturralde.<\/br><br \/>\n<strong>Ap\u00e9ndice de la edici\u00f3n en castellano:<\/strong><\/br><br \/>\nFrank Wilczek, Javier Echeverr\u00eda, Daniel Innerarity, Lu\u00eds Enjuanes, Jaime G\u00fcemes, Jos\u00e9 Hern\u00e1ndez-Orallo<\/div>\n    <\/div>\n\n\n\n    [\/vc_column][\/vc_row][vc_row full_width=&#8221;stretch_row&#8221; parallax=&#8221;content-moving&#8221; parallax_image=&#8221;5&#8243; parallax_speed_bg=&#8221;3&#8243; overflow=&#8221;of-hidden&#8221; css=&#8221;.vc_custom_1612068154765{padding-top: 45px !important;padding-bottom: 45px !important;background: #2c343e url(https:\/\/deneuronasagalaxias.com\/wp-content\/uploads\/2017\/02\/ebook-glow.jpg?id=49);}&#8221;][vc_column width=&#8221;5\/6&#8243;]\n\n\n    <h3 id=\"heading_69e1b2cbdf468\" class=\"li-heading  left fw-bold         vc_custom_1622370445459\" style=\"color: #ffffff;\" >\n        Un di\u00e1logo sobre di\u00e1logos        <small style=\"color: #ffffff;\" class=\"fw-light\">Desde los di\u00e1logos de Plat\u00f3n, hemos sabido que es una de las mejores formas de buscar la verdad.<\/small>    <\/h3>\n\n\n\n    \n    <style scoped>#textblock_69e1b2cbdf46f, #textblock_69e1b2cbdf46f p { color: #ffffff; }<\/style>    <div id=\"textblock_69e1b2cbdf46f\" class=\"li-textblock\" >\n        <p>El autor eligi\u00f3 para este libro el m\u00e9todo dial\u00f3gico con el fin de explorar lugares de descubrimiento de nuevas ideas, que hoy en d\u00eda son en su mayor\u00eda espacios h\u00edbridos de intersecci\u00f3n o solapamiento entre disciplinas. Esta exploraci\u00f3n de visi\u00f3n transdisciplinar, pretende interconectar las diferentes formas de ver cuya cooperaci\u00f3n es ahora imprescindible para seguir avanzando. Un ejemplo son las reflexiones en el libro sobre &#8220;\u00bfQu\u00e9 es la inteligencia?&#8221;, concepto que se aborda desde puntos de vista de la neurociencia y la neurofisiolog\u00eda, as\u00ed como de las ciencias de la computaci\u00f3n, la inteligencia artificial, la filosof\u00eda e incluso la mec\u00e1nica cu\u00e1ntica. El volumen comienza con una lista inicial de preguntas sobre cuestiones clave, para luego pasar a los di\u00e1logos, dejando bien claro que este es un libro que tiene mucho m\u00e1s que ver con las preguntas que con las respuestas.<\/br><\/p>\n<p><a class=\"linkwhite\" href=\"https:\/\/mitpress.mit.edu\/blog\/dialogue-about-dialogues-adolfo-plasencia-speaking-scientists\" target=\"_blank\" rel=\"noopener\">A Dialogue about Dialogues: Adolfo Plasencia on Speaking with Scientists (MIT Press)<\/a><\/p>\n    <\/div>\n\n\n     [\/vc_column][vc_column width=&#8221;1\/6&#8243;][\/vc_column][\/vc_row][vc_row el_id=&#8221;reviews&#8221;][vc_column]\n\n\n    <h2 id=\"heading_69e1b2cbdf48a\" class=\"li-heading  left fw-bold   content-center-sm\"  >\n        Valoraciones sobre el libro        <small style=\"color: #575756;\" class=\"fw-normal\">Algunos comentarios sobre el libro que no te puedes perder<\/small>    <\/h2>\n\n\n\n    [\/vc_column][\/vc_row][vc_row][vc_column width=&#8221;1\/4&#8243;]\n\n    <div id=\"image_69e1b2cbdf493\" class=\"li-image  center\" >\n\n        \n                            <figure>\n                <img loading=\"lazy\" decoding=\"async\" width=\"232\" height=\"215\" src=\"https:\/\/deneuronasagalaxias.com\/wp-content\/uploads\/2021\/07\/javierecheverria.png\" class=\"img-responsive\" alt=\"Javier Echeverr\u00eda\" \/>                                <\/figure>\n\n            \n        \n    <\/div>\n\n     [\/vc_column][vc_column width=&#8221;3\/4&#8243;]\n\n\n    <h3 id=\"heading_69e1b2cbdf623\" class=\"li-heading  left fw-bold   content-center-sm\"  >\n        Javier Echeverr\u00eda        <small  class=\"fw-light\">Fil\u00f3sofo y matem\u00e1tico<\/small>    <\/h3>\n\n\n\n    \n        <div id=\"textblock_69e1b2cbdf62c\" class=\"li-textblock    content-center-sm      vc_custom_1625339510391\" >\n        <p>Este libro plantea los grandes temas de nuestro tiempo, \u2013por decirlo en t\u00e9rminos de Ortega\u2013. Estos grandes temas de nuestro tiempo son tecno-cient\u00edficos. Son cient\u00edficos, tecnol\u00f3gicos, empresariales, pero tambi\u00e9n pol\u00edticos y sociales; y tambi\u00e9n ecol\u00f3gicos o del cambio clim\u00e1tico. En cualquier caso, leyendo este libro, est\u00e1n Vds. verdaderamente en el siglo XXI.<\/p>\n    <\/div>\n\n\n     [\/vc_column][\/vc_row][vc_row][vc_column width=&#8221;1\/4&#8243;]\n\n    <div id=\"image_69e1b2cbdf644\" class=\"li-image  center\" >\n\n        \n                            <figure>\n                <img loading=\"lazy\" decoding=\"async\" width=\"232\" height=\"215\" src=\"https:\/\/deneuronasagalaxias.com\/wp-content\/uploads\/2021\/08\/review-chemistry.png\" class=\"img-responsive\" alt=\"\" \/>                                <\/figure>\n\n            \n        \n    <\/div>\n\n     [\/vc_column][vc_column width=&#8221;3\/4&#8243;]\n\n\n    <h3 id=\"heading_69e1b2cbdf80b\" class=\"li-heading  left fw-bold   content-center-sm\"  >\n        Zo\u00eb Hackett.        <small  class=\"fw-light\">Chemistry World. The Royal Society of Chemistry. UK<\/small>    <\/h3>\n\n\n\n    \n        <div id=\"textblock_69e1b2cbdf815\" class=\"li-textblock    content-center-sm      vc_custom_1629814135611\" >\n        <p>&#8230; Los tradicionalistas pueden encontrar el formato conversacional chocante, pero superen sus reservas y se ver\u00e1n arrastrados por la visi\u00f3n oper\u00edstica de Plasencia de los avances tecnol\u00f3gicos, con un recorrido rel\u00e1mpago por algunas de las cuestiones m\u00e1s apremiantes de la ciencia fundamental y aplicada, y quedar\u00e1n sorprendidos por lo que no sab\u00edan. Lo que realmente brilla a trav\u00e9s de toda la charla sobre tecnolog\u00eda es la pasi\u00f3n de los entrevistados, que van desde qu\u00edmicos galardonados con el premio Nobel que reflexionan sobre pol\u00edtica hasta inform\u00e1ticos que reflexionan sobre Plat\u00f3n. Entre las l\u00edneas de las educadas discusiones de los cient\u00edficos se esconde un argumento convincente a favor del infatigable optimismo e ingenio de la raza humana, desafiando los retos del siglo XXI. Tomando prestada una frase de uno de sus participantes, \u00bfEs el universo un holograma? es un libro capaz de convertirnos a todos en &#8220;Ut\u00f3picos cr\u00edticos&#8221;.<\/p>\n    <\/div>\n\n\n     [\/vc_column][\/vc_row][vc_row][vc_column width=&#8221;3\/4&#8243;]\n\n\n    <h3 id=\"heading_69e1b2cbdf82f\" class=\"li-heading  left fw-bold   content-center-sm\"  >\n        V\u00eddeo de presentaci\u00f3n        <small  class=\"fw-light\">Presentaci\u00f3n del libro por Javier Echeverr\u00eda en la Universitat de Val\u00e8ncia<\/small>    <\/h3>\n\n\n\n    \n    <div id=\"video_69e1b2cbdf83a\" class=\"lp-video embed-responsive  embed-responsive-16by9 content-center-lg content-center-md content-center-sm content-center-xs\" >\n        <iframe src=\"https:\/\/player.vimeo.com\/video\/278801517\" frameborder=\"0\" allow=\"autoplay; fullscreen; picture-in-picture\" allowfullscreen><\/iframe>    <\/div>\n\n     [\/vc_column][\/vc_row][vc_row css=&#8221;.vc_custom_1467709623181{margin-bottom: 0px !important;}&#8221; el_id=&#8221;about-author&#8221;][vc_column width=&#8221;2\/3&#8243; float_lg=&#8221;pull-right-lg&#8221;]\n\n\n    <h3 id=\"heading_69e1b2cbdf843\" class=\"li-heading  left fw-bold         vc_custom_1622333703229\"  >\n        Adolfo Plasencia        <small  class=\"fw-light\">Escritor, profesor y periodista de ciencia y tecnolog\u00eda<\/small>    <\/h3>\n\n\n\n    \n        <div id=\"textblock_69e1b2cbdf849\" class=\"li-textblock\" >\n        <p>Dirigi\u00f3 y present\u00f3 el progama de TV Tecn\u00f3polis durante m\u00e1s de seis a\u00f1os. Con su colega Douglas Morgenstern fund\u00f3 el MITUPV Exchange, una iniciativa del MIT y la Universidad Polit\u00e9cnica de Valencia (MITUPV)<\/p>\n    <\/div>\n\n\n     \n\n    <div id=\"image_69e1b2cbdf859\" class=\"li-image           vc_custom_1625352895893\" >\n\n        \n                            <figure>\n                <img loading=\"lazy\" decoding=\"async\" width=\"350\" height=\"164\" src=\"https:\/\/deneuronasagalaxias.com\/wp-content\/uploads\/2021\/07\/firma-plasencia1.png\" class=\"img-responsive\" alt=\"\" srcset=\"https:\/\/deneuronasagalaxias.com\/wp-content\/uploads\/2021\/07\/firma-plasencia1.png 350w, https:\/\/deneuronasagalaxias.com\/wp-content\/uploads\/2021\/07\/firma-plasencia1-300x141.png 300w\" sizes=\"auto, (max-width: 350px) 100vw, 350px\" \/>                                <\/figure>\n\n            \n        \n    <\/div>\n\n     [\/vc_column][vc_column width=&#8221;1\/3&#8243; float_lg=&#8221;pull-left-lg&#8221;]\n\n    <div id=\"image_69e1b2cbdf999\" class=\"li-image  center\" >\n\n        \n                            <figure>\n                <img loading=\"lazy\" decoding=\"async\" width=\"550\" height=\"824\" src=\"https:\/\/deneuronasagalaxias.com\/wp-content\/uploads\/2021\/05\/adolfo-libro-puv.jpg\" class=\"img-responsive\" alt=\"\" srcset=\"https:\/\/deneuronasagalaxias.com\/wp-content\/uploads\/2021\/05\/adolfo-libro-puv.jpg 550w, https:\/\/deneuronasagalaxias.com\/wp-content\/uploads\/2021\/05\/adolfo-libro-puv-200x300.jpg 200w\" sizes=\"auto, (max-width: 550px) 100vw, 550px\" \/>                                <\/figure>\n\n            \n        \n    <\/div>\n\n     [\/vc_column][\/vc_row][vc_row full_width=&#8221;stretch_row&#8221; css=&#8221;.vc_custom_1488276702636{margin-bottom: 0px !important;padding-top: 85px !important;padding-bottom: 85px !important;background-color: #40affb !important;}&#8221;][vc_column width=&#8221;8\/12&#8243;]\n\n\n    <h3 id=\"heading_69e1b2cbdfac2\" class=\"li-heading  left fw-bold   content-center-sm\" style=\"color: #ffffff;\" >\n        las preguntas m\u00e1s esenciales, exploradas en un refrescante y atractivo formato de di\u00e1logo            <\/h3>\n\n\n\n    [\/vc_column][vc_column width=&#8221;4\/12&#8243;]<div class=\"btn-wrapper center \"><a href=\"https:\/\/www.amazon.es\/dp\/8491347828\"   class=\"btn  btn-lg btn-white btn-round btn-outline btn-block btn-icon-left\" id=\"button_69e1b2cbdfad0\"><i class=\"fa \"><\/i>Consigue tu ejemplar ahora<\/a><\/div>[\/vc_column][\/vc_row][vc_row][vc_column]\n    <style scoped>#liModal-34 .modal-dialog { margin-top: 3%; }.vc_custom_1463564683397{margin-top: 15px !important;margin-bottom: 0px !important;padding-right: 20px !important;padding-left: 20px !important;}.vc_custom_1498810368702{padding-top: 35px !important;padding-right: 40px !important;padding-bottom: 50px !important;padding-left: 40px !important;background-color: #2c343e !important;}.vc_custom_1461325977220{margin-bottom: 30px !important;}.vc_custom_1467289641984{margin-top: 20px !important;}.vc_custom_1467289658525{margin-top: 25px !important;}.vc_custom_1467289827806{margin-bottom: 35px !important;}<\/style>\n    \n    <script type=\"text\/javascript\">\n        jQuery(window).load(function () {\n\n            \/\/ Show Entrance and Exit Style\n            function modalAnimationStyle(style) {\n                jQuery('#liModal-34 .modal-dialog').attr('class', 'modal-dialog  ' + style + '  animated');\n            }\n            jQuery(\"#liModal-34\").on('show.bs.modal', function (e) {\n                jQuery(\"body\").addClass('liModal-34-open');\n                modalAnimationStyle('fadeInDown');\n                \n            });\n            jQuery(\"#liModal-34\").on('hide.bs.modal', function (e) {\n                jQuery(\"body\").removeClass('liModal-34-open');\n                modalAnimationStyle('fadeOutUp');\n            });\n\n            jQuery(\"#liModal-34\").on('show.bs.modal', function (e) {\n                var that=jQuery(this);\n                var id=that.attr('id')+'-backdrop'; \/\/get the id of button which got clicked\n                setTimeout(function(){\n                    jQuery('.modal-backdrop').attr('id',id);\n                });\n            });\n\n                    });\n    <\/script>\n\n\n\n    <div class=\"modal fade li-modal \" id=\"liModal-34\"\n         tabindex=\"-1\" role=\"dialog\">\n        <div class=\"modal-dialog\" role=\"document\">\n            <div class=\"modal-content\">\n                <button type=\"button\" class=\"close\" data-dismiss=\"modal\" aria-label=\"Close\"><span\n                        aria-hidden=\"true\">&times;<\/span><\/button>\n                <div class=\"modal-body\">\n                    [vc_row css=\".vc_custom_1463564683397{margin-top: 15px !important;margin-bottom: 0px !important;padding-right: 20px !important;padding-left: 20px !important;}\"][vc_column width=\"1\/4\" css=\".vc_custom_1461325977220{margin-bottom: 30px !important;}\"]\n\n    <div id=\"image_69e1b2cbdfb51\" class=\"li-image  center         vc_custom_1467289641984\" >\n\n        \n                            <figure>\n                <img loading=\"lazy\" decoding=\"async\" width=\"105\" height=\"90\" src=\"https:\/\/deneuronasagalaxias.com\/wp-content\/uploads\/2016\/06\/download-ebook-icon.png\" class=\"img-responsive\" alt=\"\" \/>                                <\/figure>\n\n            \n        \n    <\/div>\n\n     [\/vc_column][vc_column width=\"3\/4\"]\n\n\n    <h3 id=\"heading_69e1b2cbdfc62\" class=\"li-heading t-center-sm left fw-bold         vc_custom_1467289658525\"  >\n        Dowload this FREE eBook        <small  class=\"fw-normal\">Internet Marketing For Smart People<\/small>    <\/h3>\n\n\n\n    [\/vc_column][\/vc_row][vc_row css=\".vc_custom_1498810368702{padding-top: 35px !important;padding-right: 40px !important;padding-bottom: 50px !important;padding-left: 40px !important;background-color: #2c343e !important;}\"][vc_column]\n    <style scoped>#textblock_69e1b2cbdfc6d, #textblock_69e1b2cbdfc6d p { color: #ffffff; }<\/style>    <div id=\"textblock_69e1b2cbdfc6d\" class=\"li-textblock          vc_custom_1467289827806\" >\n        <p style=\"text-align: center;\"><strong>Download this eBook now and get your internet marketing\u2028on the right track to generate leads and increase sales.<\/strong><\/p>\n    <\/div>\n\n\n     \n<div class=\"wpcf7 no-js\" id=\"wpcf7-f35-o1\" lang=\"en-US\" dir=\"ltr\" data-wpcf7-id=\"35\">\n<div class=\"screen-reader-response\"><p role=\"status\" aria-live=\"polite\" aria-atomic=\"true\"><\/p> <ul><\/ul><\/div>\n<form action=\"\/index.php?rest_route=%2Fwp%2Fv2%2Fpages%2F2#wpcf7-f35-o1\" method=\"post\" class=\"wpcf7-form init\" aria-label=\"Contact form\" novalidate=\"novalidate\" data-status=\"init\">\n<fieldset class=\"hidden-fields-container\"><input type=\"hidden\" name=\"_wpcf7\" value=\"35\" \/><input type=\"hidden\" name=\"_wpcf7_version\" value=\"6.1.5\" \/><input type=\"hidden\" name=\"_wpcf7_locale\" value=\"en_US\" \/><input type=\"hidden\" name=\"_wpcf7_unit_tag\" value=\"wpcf7-f35-o1\" \/><input type=\"hidden\" name=\"_wpcf7_container_post\" value=\"0\" \/><input type=\"hidden\" name=\"_wpcf7_posted_data_hash\" value=\"\" \/>\n<\/fieldset>\n<div class=\"row\">\n\t<div class=\"col-md-12\">\n\t\t<p><span class=\"wpcf7-form-control-wrap\" data-name=\"company-name\"><input size=\"40\" maxlength=\"400\" class=\"wpcf7-form-control wpcf7-text wpcf7-validates-as-required form-control input-lg mb15\" aria-required=\"true\" aria-invalid=\"false\" placeholder=\"Company Name\" value=\"\" type=\"text\" name=\"company-name\" \/><\/span>\n\t\t<\/p>\n\t<\/div>\n\t<div class=\"col-md-12\">\n\t\t<div class=\"styled-select select-lg\">\n\t\t\t<p><span class=\"wpcf7-form-control-wrap\" data-name=\"role\"><select class=\"wpcf7-form-control wpcf7-select wpcf7-validates-as-required form-control mb15\" aria-required=\"true\" aria-invalid=\"false\" name=\"role\"><option value=\"Select Your Job Role\">Select Your Job Role<\/option><option value=\"Managing Director\">Managing Director<\/option><option value=\"Marketing manager\">Marketing manager<\/option><option value=\"SEO\/SEM manager\">SEO\/SEM manager<\/option><option value=\"Web Developer\">Web Developer<\/option><\/select><\/span>\n\t\t\t<\/p>\n\t\t<\/div>\n\t<\/div>\n\t<div class=\"col-md-6\">\n\t\t<p><span class=\"wpcf7-form-control-wrap\" data-name=\"first-name\"><input size=\"40\" maxlength=\"400\" class=\"wpcf7-form-control wpcf7-text wpcf7-validates-as-required form-control input-md mb15\" aria-required=\"true\" aria-invalid=\"false\" placeholder=\"Enter your First Name\" value=\"\" type=\"text\" name=\"first-name\" \/><\/span>\n\t\t<\/p>\n\t<\/div>\n\t<div class=\"col-md-6\">\n\t\t<p><span class=\"wpcf7-form-control-wrap\" data-name=\"last-name\"><input size=\"40\" maxlength=\"400\" class=\"wpcf7-form-control wpcf7-text wpcf7-validates-as-required form-control input-md mb15\" aria-required=\"true\" aria-invalid=\"false\" placeholder=\"Enter your Last Name\" value=\"\" type=\"text\" name=\"last-name\" \/><\/span>\n\t\t<\/p>\n\t<\/div>\n\t<div class=\"col-md-12\">\n\t\t<p><span class=\"wpcf7-form-control-wrap\" data-name=\"email\"><input size=\"40\" maxlength=\"400\" class=\"wpcf7-form-control wpcf7-email wpcf7-validates-as-required wpcf7-text wpcf7-validates-as-email form-control mb20 input-md\" aria-required=\"true\" aria-invalid=\"false\" placeholder=\"Enter your Email Address\" value=\"\" type=\"email\" name=\"email\" \/><\/span>\n\t\t<\/p>\n\t<\/div>\n\t<div class=\"col-md-12 text-center mt20\">\n\t\t<p><input class=\"wpcf7-form-control wpcf7-submit has-spinner btn btn-blue btn-lg btn-round btn-block\" type=\"submit\" value=\"Download eBook Now\" \/>\n\t\t<\/p>\n\t<\/div>\n\t<div class=\"col-md-12 mt20 text-center\">\n\t\t<p><small style=\"color:#fff;\">* We don\u2019t share your personal info with anyone. <\/small>\n\t\t<\/p>\n\t<\/div>\n<\/div><div class=\"wpcf7-response-output\" aria-hidden=\"true\"><\/div>\n<\/form>\n<\/div>\n[\/vc_column][\/vc_row]                <\/div>\n            <\/div>\n        <\/div>\n    <\/div>\n\n\n    [\/vc_column][\/vc_row]<\/p>\n","protected":false},"excerpt":{"rendered":"<p>[vc_row full_width=&#8221;stretch_row_content_no_spaces&#8221; el_id=&#8221;top&#8221;][vc_column][rev_slider_vc alias=&#8221;ebook-slider&#8221;][\/vc_column][\/vc_row][vc_row el_id=&#8221;topics&#8221;][vc_column][\/vc_column][\/vc_row][vc_row][vc_column width=&#8221;1\/2&#8243;][\/vc_column][vc_column width=&#8221;1\/2&#8243;][\/vc_column][\/vc_row][vc_row][vc_column][\/vc_column][\/vc_row][vc_row full_width=&#8221;stretch_row&#8221; parallax=&#8221;content-moving&#8221; parallax_image=&#8221;5&#8243; parallax_speed_bg=&#8221;3&#8243; overflow=&#8221;of-hidden&#8221; css=&#8221;.vc_custom_1612068154765{padding-top: 45px !important;padding-bottom: 45px !important;background: #2c343e url(https:\/\/deneuronasagalaxias.com\/wp-content\/uploads\/2017\/02\/ebook-glow.jpg?id=49);}&#8221;][vc_column width=&#8221;5\/6&#8243;][\/vc_column][vc_column width=&#8221;1\/6&#8243;][\/vc_column][\/vc_row][vc_row el_id=&#8221;reviews&#8221;][vc_column][\/vc_column][\/vc_row][vc_row][vc_column width=&#8221;1\/4&#8243;][\/vc_column][vc_column width=&#8221;3\/4&#8243;][\/vc_column][\/vc_row][vc_row][vc_column width=&#8221;1\/4&#8243;][\/vc_column][vc_column width=&#8221;3\/4&#8243;][\/vc_column][\/vc_row][vc_row][vc_column width=&#8221;3\/4&#8243;][\/vc_column][\/vc_row][vc_row css=&#8221;.vc_custom_1467709623181{margin-bottom: 0px !important;}&#8221; el_id=&#8221;about-author&#8221;][vc_column width=&#8221;2\/3&#8243; float_lg=&#8221;pull-right-lg&#8221;][\/vc_column][vc_column width=&#8221;1\/3&#8243; float_lg=&#8221;pull-left-lg&#8221;][\/vc_column][\/vc_row][vc_row full_width=&#8221;stretch_row&#8221; css=&#8221;.vc_custom_1488276702636{margin-bottom: 0px !important;padding-top: 85px !important;padding-bottom: 85px !important;background-color: #40affb !important;}&#8221;][vc_column width=&#8221;8\/12&#8243;][\/vc_column][vc_column width=&#8221;4\/12&#8243;][\/vc_column][\/vc_row][vc_row][vc_column][\/vc_column][\/vc_row]<\/p>\n","protected":false},"author":1,"featured_media":0,"parent":0,"menu_order":0,"comment_status":"closed","ping_status":"closed","template":"","meta":{"inline_featured_image":false,"footnotes":""},"class_list":["post-2","page","type-page","status-publish","hentry"],"_links":{"self":[{"href":"https:\/\/deneuronasagalaxias.com\/index.php?rest_route=\/wp\/v2\/pages\/2","targetHints":{"allow":["GET"]}}],"collection":[{"href":"https:\/\/deneuronasagalaxias.com\/index.php?rest_route=\/wp\/v2\/pages"}],"about":[{"href":"https:\/\/deneuronasagalaxias.com\/index.php?rest_route=\/wp\/v2\/types\/page"}],"author":[{"embeddable":true,"href":"https:\/\/deneuronasagalaxias.com\/index.php?rest_route=\/wp\/v2\/users\/1"}],"replies":[{"embeddable":true,"href":"https:\/\/deneuronasagalaxias.com\/index.php?rest_route=%2Fwp%2Fv2%2Fcomments&post=2"}],"version-history":[{"count":33,"href":"https:\/\/deneuronasagalaxias.com\/index.php?rest_route=\/wp\/v2\/pages\/2\/revisions"}],"predecessor-version":[{"id":135,"href":"https:\/\/deneuronasagalaxias.com\/index.php?rest_route=\/wp\/v2\/pages\/2\/revisions\/135"}],"wp:attachment":[{"href":"https:\/\/deneuronasagalaxias.com\/index.php?rest_route=%2Fwp%2Fv2%2Fmedia&parent=2"}],"curies":[{"name":"wp","href":"https:\/\/api.w.org\/{rel}","templated":true}]}}